{"id":22,"date":"2019-11-01T23:05:04","date_gmt":"2019-11-01T22:05:04","guid":{"rendered":"https:\/\/praktipuertas.com.mx\/?page_id=22"},"modified":"2022-04-12T13:15:11","modified_gmt":"2022-04-12T18:15:11","slug":"contacto","status":"publish","type":"page","link":"https:\/\/praktipuertas.com.mx\/en\/contacto\/","title":{"rendered":"Contacto"},"content":{"rendered":"<div class=\"formulario\">\n<div class=\"info-contacto\">\n<p>Para brindarle un mejor servicio cont\u00e1ctenos a trav\u00e9s de este formulario:<\/p>\n<div class=\"caldera-grid\" id=\"caldera_form_1\" data-cf-ver=\"1.9.2\" data-cf-form-id=\"CF5dc60ce568172\"><div id=\"caldera_notices_1\" data-spinner=\"https:\/\/praktipuertas.com.mx\/wp-admin\/images\/spinner.gif\"><\/div><form data-instance=\"1\" class=\"CF5dc60ce568172 caldera_forms_form cfajax-trigger\" method=\"POST\" enctype=\"multipart\/form-data\" id=\"CF5dc60ce568172_1\" data-form-id=\"CF5dc60ce568172\" aria-label=\"Contacto Espa&ntilde;ol\" data-target=\"#caldera_notices_1\" data-template=\"#cfajax_CF5dc60ce568172-tmpl\" data-cfajax=\"CF5dc60ce568172\" data-load-element=\"_parent\" data-load-class=\"cf_processing\" data-post-disable=\"0\" data-action=\"cf_process_ajax_submit\" data-request=\"https:\/\/praktipuertas.com.mx\/en\/cf-api\/CF5dc60ce568172\" data-hiderows=\"true\">\r\n<input type=\"hidden\" id=\"_cf_verify_CF5dc60ce568172\" name=\"_cf_verify\" value=\"5b5fbacdf9\"  data-nonce-time=\"1775886265\" \/><input type=\"hidden\" name=\"_wp_http_referer\" value=\"\/en\/wp-json\/wp\/v2\/pages\/22\" \/><div id=\"cf2-CF5dc60ce568172_1\"><\/div><input type=\"hidden\" name=\"_cf_frm_id\" value=\"CF5dc60ce568172\">\r\n<input type=\"hidden\" name=\"_cf_frm_ct\" value=\"1\">\r\n<input type=\"hidden\" name=\"cfajax\" value=\"CF5dc60ce568172\">\r\n<input type=\"hidden\" name=\"_cf_cr_pst\" value=\"22\">\r\n<div class=\"hide\" style=\"display:none; overflow:hidden;height:0;width:0;\">\r\n<label>Company<\/label><input type=\"text\" name=\"company\" value=\"\" autocomplete=\"off\">\r\n<\/div><div id=\"CF5dc60ce568172_1-row-1\"  class=\"row  first_row\"><div  class=\"col-sm-12  single\"><div data-field-wrapper=\"fld_8768091\" class=\"form-group\" id=\"fld_8768091_1-wrap\">\r\n\t<label id=\"fld_8768091Label\" for=\"fld_8768091_1\" class=\"control-label\">Nombre <span aria-hidden=\"true\" role=\"presentation\" class=\"field_required\" style=\"color:#ee0000;\">*<\/span><\/label>\r\n\t<div class=\"\">\r\n\t\t<input   required type=\"text\" data-field=\"fld_8768091\" class=\" form-control\" id=\"fld_8768091_1\" name=\"fld_8768091\" value=\"\" data-type=\"text\" aria-required=\"true\"   aria-labelledby=\"fld_8768091Label\" >\t\t\t<\/div>\r\n<\/div>\r\n<div data-field-wrapper=\"fld_6009157\" class=\"form-group\" id=\"fld_6009157_1-wrap\">\r\n\t<label id=\"fld_6009157Label\" for=\"fld_6009157_1\" class=\"control-label\">Email <span aria-hidden=\"true\" role=\"presentation\" class=\"field_required\" style=\"color:#ee0000;\">*<\/span><\/label>\r\n\t<div class=\"\">\r\n\t\t<input   required type=\"email\" data-field=\"fld_6009157\" class=\" form-control\" id=\"fld_6009157_1\" name=\"fld_6009157\" value=\"\" data-type=\"email\" aria-required=\"true\"   aria-labelledby=\"fld_6009157Label\" >\t\t\t<\/div>\r\n<\/div>\r\n<div data-field-wrapper=\"fld_9970286\" class=\"form-group\" id=\"fld_9970286_1-wrap\">\r\n\t<label id=\"fld_9970286Label\" for=\"fld_9970286_1\" class=\"control-label\">Tel\u00e9fono <span aria-hidden=\"true\" role=\"presentation\" class=\"field_required\" style=\"color:#ee0000;\">*<\/span><\/label>\r\n\t<div class=\"\">\r\n\t\t<input  data-inputmask=\"'mask': '(999)999-9999'\"  required type=\"phone\" data-field=\"fld_9970286\" class=\" form-control\" id=\"fld_9970286_1\" name=\"fld_9970286\" value=\"\" data-type=\"phone\" aria-required=\"true\"   aria-labelledby=\"fld_9970286Label\" >\t\t\t<\/div>\r\n<\/div>\r\n<\/div><\/div><div id=\"CF5dc60ce568172_1-row-2\"  class=\"row \"><div  class=\"col-sm-12  single\"><div data-field-wrapper=\"fld_6391481\" class=\"form-group\" id=\"fld_6391481_1-wrap\">\r\n\t<label id=\"fld_6391481Label\" for=\"fld_6391481_1\" class=\"control-label\">Direcci\u00f3n<\/label>\r\n\t<div class=\"\">\r\n\t\t<input    type=\"text\" data-field=\"fld_6391481\" class=\" form-control\" id=\"fld_6391481_1\" name=\"fld_6391481\" value=\"\" data-type=\"text\"   aria-labelledby=\"fld_6391481Label\" >\t\t\t<\/div>\r\n<\/div>\r\n<\/div><\/div><div id=\"CF5dc60ce568172_1-row-3\"  class=\"row \"><div  class=\"col-sm-12  single\"><div data-field-wrapper=\"fld_7683514\" class=\"form-group\" id=\"fld_7683514_1-wrap\">\r\n\t<label id=\"fld_7683514Label\" for=\"fld_7683514_1\" class=\"control-label\">Mensaje <span aria-hidden=\"true\" role=\"presentation\" class=\"field_required\" style=\"color:#ee0000;\">*<\/span><\/label>\r\n\t<div class=\"\">\r\n\t\t<textarea name=\"fld_7683514\" value=\"\" data-field=\"fld_7683514\" class=\"form-control\" id=\"fld_7683514_1\" rows=\"7\"  required=\"required\"  aria-labelledby=\"fld_7683514Label\" ><\/textarea>\n\t\t\t<\/div>\r\n<\/div>\r\n<\/div><\/div><div id=\"CF5dc60ce568172_1-row-4\"  class=\"row  last_row\"><div  class=\"col-sm-12  single\"><div data-field-wrapper=\"fld_7908577\" class=\"form-group\" id=\"fld_7908577_1-wrap\">\r\n<div class=\"\">\r\n\t<input  class=\"btn btn-default\" type=\"submit\" name=\"fld_7908577\" id=\"fld_7908577_1\" value=\"Enviar Mensaje\" data-field=\"fld_7908577\"  >\n<\/div>\r\n<\/div>\r\n\t<input class=\"button_trigger_1\" type=\"hidden\" name=\"fld_7908577\" id=\"fld_7908577_1_btn\" value=\"\" data-field=\"fld_7908577\"  \/>\n<\/div><\/div><\/form>\r\n<\/div>\r\n\n<\/div>\n<div class=\"info-contacto\"><span style=\"margin-left: 25px; color: #004193;\">Direcci\u00f3n<\/span><br \/>\n<img loading=\"lazy\" class=\"size-full wp-image-271 alignnone\" style=\"vertical-align: middle;\" src=\"https:\/\/praktipuertas.com.mx\/wp-content\/uploads\/2019\/11\/ubicacion-contacto.png\" alt=\"\" width=\"20\" height=\"20\" \/> Tienda de f\u00e1brica<br \/>\n23 sur 2308<br \/>\nColonia Los Volcanes<br \/>\nPuebla, Puebla<br \/>\nTel. 222.2262200<\/p>\n<p><img loading=\"lazy\" class=\"alignnone size-full wp-image-278\" style=\"vertical-align: middle; margin-right: 5px;\" src=\"https:\/\/praktipuertas.com.mx\/wp-content\/uploads\/2019\/11\/ubicacion-telefono.png\" alt=\"\" width=\"20\" height=\"20\" \/><a href=\"tel:238 382 3747\">238 382 3747<\/a><br \/>\n<a href=\"tel:018007725847\">01 800 PRAKTIP<\/a><\/p>\n<p><img loading=\"lazy\" class=\"alignnone size-full wp-image-31\" style=\"vertical-align: middle; margin-right: 5px;\" src=\"https:\/\/praktipuertas.com.mx\/wp-content\/uploads\/2019\/11\/whatsapp-icon.png\" alt=\"\" width=\"20\" height=\"20\" \/><a href=\"https:\/\/bit.ly\/33x1uqX\">238 390 0510<\/a><\/p>\n<\/div>\n<\/div>\n","protected":false},"excerpt":{"rendered":"<p>Para brindarle un mejor servicio cont\u00e1ctenos a trav\u00e9s de este formulario: Direcci\u00f3n Tienda de f\u00e1brica 23 sur 2308 Colonia Los Volcanes Puebla, Puebla Tel. 222.2262200 238 382 3747 01 800 PRAKTIP 238 390 0510<\/p>\n","protected":false},"author":1,"featured_media":0,"parent":0,"menu_order":0,"comment_status":"closed","ping_status":"closed","template":"","meta":[],"_links":{"self":[{"href":"https:\/\/praktipuertas.com.mx\/en\/wp-json\/wp\/v2\/pages\/22"}],"collection":[{"href":"https:\/\/praktipuertas.com.mx\/en\/wp-json\/wp\/v2\/pages"}],"about":[{"href":"https:\/\/praktipuertas.com.mx\/en\/wp-json\/wp\/v2\/types\/page"}],"author":[{"embeddable":true,"href":"https:\/\/praktipuertas.com.mx\/en\/wp-json\/wp\/v2\/users\/1"}],"replies":[{"embeddable":true,"href":"https:\/\/praktipuertas.com.mx\/en\/wp-json\/wp\/v2\/comments?post=22"}],"version-history":[{"count":26,"href":"https:\/\/praktipuertas.com.mx\/en\/wp-json\/wp\/v2\/pages\/22\/revisions"}],"predecessor-version":[{"id":691,"href":"https:\/\/praktipuertas.com.mx\/en\/wp-json\/wp\/v2\/pages\/22\/revisions\/691"}],"wp:attachment":[{"href":"https:\/\/praktipuertas.com.mx\/en\/wp-json\/wp\/v2\/media?parent=22"}],"curies":[{"name":"wp","href":"https:\/\/api.w.org\/{rel}","templated":true}]}}