{"id":2,"date":"2019-11-01T18:33:19","date_gmt":"2019-11-01T17:33:19","guid":{"rendered":"https:\/\/praktipuertas.com.mx\/?page_id=2"},"modified":"2019-11-11T20:52:39","modified_gmt":"2019-11-11T19:52:39","slug":"quienes-somos","status":"publish","type":"page","link":"https:\/\/praktipuertas.com.mx\/en\/quienes-somos\/","title":{"rendered":"Qui\u00e9nes Somos"},"content":{"rendered":"        <!-- wrt_print_rt_wp_responsive_tabs_func -->                \n                \n                \n                            \n            \n              <!-- wrt_print_rt_wp_responsive_tabs_style --><style>\n\n                    .tab_set1 .vresp-tabs-list{margin-left: 0px}\n                    .tab_set1 a{box-shadow:none;border-bottom:none}\n                    .tab_set1 h2heading.resp-tab-active span.resp-arrow{border-bottom:12px solid #f3f3f3}\n                    .tab_set1 .vresp-tab-active span.resp-arrow{border-bottom:12px solid #f3f3f3}\n                    .tab_set1 .resp-arrow{border-top:12px solid #f3f3f3}\n                    .tab_set1 .resp-tab-content{color:#000000;border:1px solid  #004293}\n                    .tab_set1 .vresp-tab-item{color:#f3f3f3;background-color: #000000;}\n                    .tab_set1 .vresp-tab-content{color:#000000;border-color: #004293}\n                    .tab_set1 .vresp-tabs-container{background-color: #f3f3f3}\n                    .tab_set1 .vresp-tabs-container h2heading{}\n                    .tab_set1 .vresp-tab-active{color:#f3f3f3;border-color:1px solid  #004293;margin-right:-1px;margin-top:2px; border-right:none !important}\n                    .tab_set1 .resp-accordion.vresp-tab-active{color:#f3f3f3;border-color:1px solid  #004293;margin-right:0px;margin-top:0px; }\n\n                    .tab_set1 .vresp-tab-content-active{color:#000000;background-color:#f3f3f3 }\n                    .wrt_69d9dfb27f1d8 .resp-accordion{color:#f3f3f3;}\n                    .wrt_69d9dfb27f1d8 .resp-accordion.vresp-tab-active{color:#f3f3f3;border-right:1px solid  #004293 !important }\n                     .tab_set1 .vresp-tab-item:hover{color:#f3f3f3;background-color: #f3f3f3;border-left:4px solid  #004293 !important ;border-top:1px solid  #004293;border-bottom:1px solid  #004293;padding:14px 14px;transition:none}\n                     .tab_set1 .vresp-tab-active{color:#f3f3f3;background-color: #f3f3f3}\n                     \n                    @media only screen and (max-width: 768px) {\n                        \n                        .tab_set1  h2heading{background-color: #000000}\n                        .tab_set1 .vresp-tabs-container{background-color:unset }\n                        .tab_set1 .resp-accordion.vresp-tab-active{\n                            \n                           background-color: #f3f3f3 ;\n                            border-top:3px solid #004293;\n                           margin-top: 0px;\n                           color:#f3f3f3;\n                        }\n                    }\n                    .tab_set1 .resp-accordion.resp-tab-active{\n                            \n                           background-color: #f3f3f3 ;\n                           border-top:3px solid #004293;\n                           margin-top: 0px;\n                           color:#f3f3f3;\n                        }\n                        .tab_set1 .resp-accordion.resp-tab-active:first-child{\n                            \n                           border-top:4px solid #004293;\n                         \n                        }\n                        \n                                        <\/style><!-- end wrt_print_rt_wp_responsive_tabs_style -->\n\n          \n                \n       \n                              \n            \n                        <div id=\"1_Tab\" class=\"wrt_69d9dfb27f1d8 1_Tab\" style=\"visibility: hidden\" >\n                    \n                     <div id=\"tab_set1_overlay\" class=\"overlay_\" style=\"background: #fff url('https:\/\/praktipuertas.com.mx\/wp-content\/plugins\/responsive-horizontal-vertical-and-accordion-tabs\/images\/bx_loader.gif') no-repeat scroll 50% 50%;\" ><\/div>\n                   \n                    <div id=\"tab_set1\" class=\"tab_set1\">\n                        \n                      <ul  class=\"vresp-tabs-list hor_tab_set1\">\n                             \n                              <li data-isajaxloaded=\"0\" data-tabid=\"1\">Historia<\/li> \n                              \n                              <li data-isajaxloaded=\"0\" data-tabid=\"2\">Valores<\/li> \n                              \n                              <li data-isajaxloaded=\"0\" data-tabid=\"3\">Visi\u00f3n<\/li> \n                              \n                              <li data-isajaxloaded=\"0\" data-tabid=\"4\">Misi\u00f3n<\/li> \n                                                <\/ul>\n                      <div class=\"vresp-tabs-container hor_tab_set1\">\n\n                            \n\n                              <div id=\"tab_tab_set1_1\">\n                                 <p><img class=\"valores alignleft\" src=\"https:\/\/praktipuertas.com.mx\/wp-content\/uploads\/2019\/11\/historia-icon.png\" alt=\"\" width=\"80\" height=\"80\" \/><\/p>\n<p>&nbsp;<\/p>\n<p>Somos una empresa dedicada a la fabricaci\u00f3n de puertas, brindando soluciones en aperturas a la industria de la construcci\u00f3n.<\/p>\n                              <\/div>\n\n                            \n\n                              <div id=\"tab_tab_set1_2\">\n                                 <p><img class=\"valores alignleft\" src=\"https:\/\/praktipuertas.com.mx\/wp-content\/uploads\/2019\/11\/icon-honestidad.jpg\" alt=\"\" width=\"80\" height=\"80\" \/><span class=\"titulo-valor\"><br \/>\nHONESTIDAD:<\/span> los materiales y proveedores de <strong>PRAKTIPUERTAS<\/strong> han sido escogidos para lograr la calidad que perdurar\u00e1 a trav\u00e9s del tiempo en cualquiera de nuestras l\u00edneas.<\/p>\n<p>&nbsp;<\/p>\n<p><img class=\"valores alignleft\" src=\"https:\/\/praktipuertas.com.mx\/wp-content\/uploads\/2019\/11\/icon-responsabilidad.jpg\" alt=\"\" width=\"80\" height=\"80\" \/><span class=\"titulo-valor\"><br \/>\nRESPONSABILIDAD:<\/span> entendemos que nuestros clientes son el canal para alcanzar al usuario final, por lo que les extendemos la garant\u00eda de nuestros productos.<\/p>\n<p>&nbsp;<\/p>\n<p><img class=\"valores alignleft\" src=\"https:\/\/praktipuertas.com.mx\/wp-content\/uploads\/2019\/11\/icon-compromiso.jpg\" alt=\"\" width=\"80\" height=\"80\" \/><span class=\"titulo-valor\"><br \/>\nCOMPROMISO:<\/span> nuestra empresa forma parte de una gran comunidad, por lo que cumplimos con las exigencias de nuestra sociedad, as\u00ed como con las normas establecidas.<\/p>\n<p>&nbsp;<\/p>\n<p><img class=\"valores alignleft\" src=\"https:\/\/praktipuertas.com.mx\/wp-content\/uploads\/2019\/11\/icon-seriedad.jpg\" alt=\"\" width=\"80\" height=\"80\" \/><\/p>\n<p>&nbsp;<\/p>\n<p><span class=\"titulo-valor\">SERIEDAD:<\/span> sabemos que la palabra vale y la hacemos cumplir dentro y fuera de la empresa.<\/p>\n<p>&nbsp;<\/p>\n<p>&nbsp;<\/p>\n<p><img class=\"valores alignleft\" src=\"https:\/\/praktipuertas.com.mx\/wp-content\/uploads\/2019\/11\/icon-certidumbre.jpg\" alt=\"\" width=\"80\" height=\"80\" \/><\/p>\n<p>&nbsp;<\/p>\n<p><span class=\"titulo-valor\">CERTIDUMBRE:<\/span> desde los inicios hemos sido una empresa formalmente establecida, cumpliendo con los est\u00e1ndares de calidad, convivencia adecuada con el medio y respetuosos del marco legal.<\/p>\n<p>&nbsp;<\/p>\n<p><img class=\"valores alignleft\" src=\"https:\/\/praktipuertas.com.mx\/wp-content\/uploads\/2019\/11\/icon-integridad.jpg\" alt=\"\" width=\"80\" height=\"80\" \/><\/p>\n<p>&nbsp;<\/p>\n<p><span class=\"titulo-valor\">INTEGRIDAD:<\/span> los valores que exigimos son tambi\u00e9n los que rigen nuestro comportamiento al interior de la empresa.<\/p>\n                              <\/div>\n\n                            \n\n                              <div id=\"tab_tab_set1_3\">\n                                 <p>&nbsp;<\/p>\n<p>&nbsp;<\/p>\n<p><img class=\"valores alignleft\" src=\"https:\/\/praktipuertas.com.mx\/wp-content\/uploads\/2019\/11\/vision-icon.png\" alt=\"\" width=\"80\" height=\"80\" \/><\/p>\n<p>&nbsp;<\/p>\n<p>Consolidarnos como el principal proveedor de Puertas de la zona centro de M\u00e9xico, estableciendo la marca Praktipuertas como un referente de calidad que perdura.<\/p>\n                              <\/div>\n\n                            \n\n                              <div id=\"tab_tab_set1_4\">\n                                 <p>&nbsp;<\/p>\n<p>&nbsp;<\/p>\n<p><img class=\"valores alignleft\" src=\"https:\/\/praktipuertas.com.mx\/wp-content\/uploads\/2019\/11\/mision-icon.png\" alt=\"\" width=\"80\" height=\"80\" \/><\/p>\n<p>&nbsp;<\/p>\n<p>Brindar soluciones en Puertas, satisfaciendo las expectativas de nuestros clientes, a trav\u00e9s del ejercicio de los valores de la empresa.<\/p>\n                              <\/div>\n\n                          \n\n                      <\/div>\n              <\/div>\n            <\/div>         \n            <!-- wrt_print_rt_wp_responsive_tabs_script --><script type=\"text\/javascript\">\n\n                              \n                var interval_69d9dfb27f45b = setInterval(function() {\n\n                 if(document.readyState === 'complete') {\n                     \n                    clearInterval(interval_69d9dfb27f45b);\n                   \n                    var $n = jQuery.noConflict();    \n                     $n('.tab_set1').easyResponsiveTabs({\n\n                          type: 'vertical', \/\/Types: default, vertical, accordion\n                          width: 'auto', \/\/auto or any width like 600px\n                          fit: true, \/\/ 100% fit in a container\n                          closed: 'accordion', \/\/ Start closed if in accordion view\n                          tabidentify: 'hor_tab_set1', \/\/ The tab groups identifier\n                          active_border_color: '#004293',\n                          active_content_border_color: '#004293',\n                          activetab_bg: '#f3f3f3',\n                          inactive_bg: '#000000'\n\n                      });\n\n                                           $n(\".tab_set1\").find(\".vresp-tabs-container\").css(\"minHeight\",$n(\".tab_set1\").find(\".vresp-tabs-list\").height()+5);\n                     \n                    \n                                            \n                        setTimeout(function(){ \n                        \n                        \n                         \n                         $n(\".tab_set1\").find('[data-tabid=\"2\"]:first').trigger('click');\n                          $n(\".tab_set1\").css('visibility', 'visible'); \n\n                        }, 800);\n\n                        \n                        \n                        \n                        \n                  \n                  \n                      \n                   }    \n                }, 100); \n                   \n            <\/script><!-- end wrt_print_rt_wp_responsive_tabs_script -->\n         \n               \n               \n            <!-- wrt_print_rt_wp_responsive_tabs_style --><style>\n\n             .tab_set1 .vresp-tab-item:hover {\r\n    color:  #000;\r\n}\r\n\r\n.resp-vtabs li.vresp-tab-active {\r\n    color:  #004293;\r\n}   \n\n          <\/style><!-- end wrt_print_rt_wp_responsive_tabs_style -->   \n                \n<!-- end wrt_print_rt_wp_responsive_tabs_func -->\n    \n<div style=\"width: 80%; margin: 0 auto;padding-top:30px;\">\n<div class=\"politicas\" style=\"float: left; width: 33%;margin-top:60px;\">\t\t\t\t<div class=\"row image-hover-page-container animatedParent\">\r\n\t\t\t\t \t\t\t\t\t\t\t\t\t\t\t \r\n\t\t\t\t\t\t\t\r\n\t\t\t\t                <div class=\"col-lg-12 col-sm-6\">\r\n\t\t\t\t                  <!-- normal -->\r\n\t\t\t\t                  <div class=\"ih-item circle effect1 left_to_right\">\r\n\t\t\t\t\t                   <a class=\"taphover\" href=\"javascript:void(0)\">\r\n\t\t\t\t\t\t                   \t\t<div class='spinner'><\/div>\t\t\t\t\t\t                      <div class=\"img\"><img style=\"height:100%;\" src=\"https:\/\/praktipuertas.com.mx\/wp-content\/uploads\/2019\/11\/entregas-icon.png\" alt=\"img\">\r\n\r\n\t\t\t\t\t\t                       \r\n\t\t\t\t\t\t                       <\/div>\r\n\t\t\t\t\t\t                       \t\t\t\t\t\t                       <div class=\"info\" style=\"height:inherit;\">\r\n\t\t\t\t\t\t                       \t\t<div class=\"info-back\">\r\n\t\t\t\t\t\t\t\t                        <h3 style=\"color:#fff;opacity:0;\"><\/h3>\r\n\t\t\t\t\t\t\t\t                        <p style=\"color:#fff\">Entregas m\u00e1ximas de 3 semanas.<\/p>\r\n\t\t\t\t\t\t\t                        <\/div>\r\n\t\t\t\t\t\t                      <\/div>\r\n\t\t\t\t\t\t                       \t\r\n\t\t\t\t\t\t                       \t\t\t\t\t\t                      \r\n\t\t\t\t\t                      <\/a>\r\n\t\t\t\t                      <\/div>\r\n\t\t\t\t                  <!-- end normal -->\r\n\r\n\t\t\t\t                <\/div>\t\t\r\n\t\t\t \r\n\t\t\t\t\t\t\t\t\t\t\t\t\t\t\t\t\t\t\t\t\t\t\t\t<\/div>\r\n\t\t\t\t\t\r\n\t\t\t\t<\/div>\n<div class=\"politicas\" style=\"float: left; width: 33%;margin-top:60px;\">\t\t\t\t<div class=\"row image-hover-page-container animatedParent\">\r\n\t\t\t\t \t\t\t\t\t\t\t\t\t\t\t\t\t\t\t\t\t\t\t\t\t\t \r\n\t\t\t\t\t\t\t\r\n\t\t\t\t                <div class=\"col-lg-12 col-sm-6\">\r\n\t\t\t\t                  <!-- normal -->\r\n\t\t\t\t                  <div class=\"ih-item circle effect1 left_to_right\">\r\n\t\t\t\t\t                   <a class=\"taphover\" href=\"javascript:void(0)\">\r\n\t\t\t\t\t\t                   \t\t<div class='spinner'><\/div>\t\t\t\t\t\t                      <div class=\"img\"><img style=\"height:100%;\" src=\"https:\/\/praktipuertas.com.mx\/wp-content\/uploads\/2019\/11\/metodos-de-pagos.png\" alt=\"img\">\r\n\r\n\t\t\t\t\t\t                       \r\n\t\t\t\t\t\t                       <\/div>\r\n\t\t\t\t\t\t                       \t\t\t\t\t\t                       <div class=\"info\" style=\"height:inherit;\">\r\n\t\t\t\t\t\t                       \t\t<div class=\"info-back\">\r\n\t\t\t\t\t\t\t\t                        <h3 style=\"color:#fff;opacity:0;\"><\/h3>\r\n\t\t\t\t\t\t\t\t                        <p style=\"color:#fff\">50% de anticipo.\n50% antes de embarcar.<\/p>\r\n\t\t\t\t\t\t\t                        <\/div>\r\n\t\t\t\t\t\t                      <\/div>\r\n\t\t\t\t\t\t                       \t\r\n\t\t\t\t\t\t                       \t\t\t\t\t\t                      \r\n\t\t\t\t\t                      <\/a>\r\n\t\t\t\t                      <\/div>\r\n\t\t\t\t                  <!-- end normal -->\r\n\r\n\t\t\t\t                <\/div>\t\t\r\n\t\t\t \r\n\t\t\t\t\t\t\t\t\t\t\t\t\t<\/div>\r\n\t\t\t\t\t\r\n\t\t\t\t<\/div>\n<div class=\"politicas\" style=\"float: left; width: 33%;margin-top:60px;\">\t\t\t\t<div class=\"row image-hover-page-container animatedParent\">\r\n\t\t\t\t \t\t\t\t\t\t\t\t\t\t\t\t\t\t\t\t\t\t\t\t\t\t\t\t\t\t\t\t\t\t\t\t\t \r\n\t\t\t\t\t\t\t\r\n\t\t\t\t                <div class=\"col-lg-12 col-sm-6\">\r\n\t\t\t\t                  <!-- normal -->\r\n\t\t\t\t                  <div class=\"ih-item circle effect1 left_to_right\">\r\n\t\t\t\t\t                   <a class=\"taphover\" href=\"javascript:void(0)\">\r\n\t\t\t\t\t\t                   \t\t<div class='spinner'><\/div>\t\t\t\t\t\t                      <div class=\"img\"><img style=\"height:100%;\" src=\"https:\/\/praktipuertas.com.mx\/wp-content\/uploads\/2019\/11\/envios.png\" alt=\"img\">\r\n\r\n\t\t\t\t\t\t                       \r\n\t\t\t\t\t\t                       <\/div>\r\n\t\t\t\t\t\t                       \t\t\t\t\t\t                       <div class=\"info\" style=\"height:inherit;\">\r\n\t\t\t\t\t\t                       \t\t<div class=\"info-back\">\r\n\t\t\t\t\t\t\t\t                        <h3 style=\"color:#fff;opacity:0;\"><\/h3>\r\n\t\t\t\t\t\t\t\t                        <p style=\"color:#fff\">Embarcamos a todo M\u00e9xico.<\/p>\r\n\t\t\t\t\t\t\t                        <\/div>\r\n\t\t\t\t\t\t                      <\/div>\r\n\t\t\t\t\t\t                       \t\r\n\t\t\t\t\t\t                       \t\t\t\t\t\t                      \r\n\t\t\t\t\t                      <\/a>\r\n\t\t\t\t                      <\/div>\r\n\t\t\t\t                  <!-- end normal -->\r\n\r\n\t\t\t\t                <\/div>\t\t\r\n\t\t\t \r\n\t\t<\/div>\r\n\t\t\t\t\t\r\n\t\t\t\t<\/div>\n<\/div>\n","protected":false},"excerpt":{"rendered":"","protected":false},"author":1,"featured_media":0,"parent":0,"menu_order":0,"comment_status":"closed","ping_status":"closed","template":"","meta":[],"_links":{"self":[{"href":"https:\/\/praktipuertas.com.mx\/en\/wp-json\/wp\/v2\/pages\/2"}],"collection":[{"href":"https:\/\/praktipuertas.com.mx\/en\/wp-json\/wp\/v2\/pages"}],"about":[{"href":"https:\/\/praktipuertas.com.mx\/en\/wp-json\/wp\/v2\/types\/page"}],"author":[{"embeddable":true,"href":"https:\/\/praktipuertas.com.mx\/en\/wp-json\/wp\/v2\/users\/1"}],"replies":[{"embeddable":true,"href":"https:\/\/praktipuertas.com.mx\/en\/wp-json\/wp\/v2\/comments?post=2"}],"version-history":[{"count":29,"href":"https:\/\/praktipuertas.com.mx\/en\/wp-json\/wp\/v2\/pages\/2\/revisions"}],"predecessor-version":[{"id":258,"href":"https:\/\/praktipuertas.com.mx\/en\/wp-json\/wp\/v2\/pages\/2\/revisions\/258"}],"wp:attachment":[{"href":"https:\/\/praktipuertas.com.mx\/en\/wp-json\/wp\/v2\/media?parent=2"}],"curies":[{"name":"wp","href":"https:\/\/api.w.org\/{rel}","templated":true}]}}